{"id":759,"date":"2025-06-19T15:03:44","date_gmt":"2025-06-19T15:03:44","guid":{"rendered":"https:\/\/normaboveda-asoc.com.ar\/?page_id=759"},"modified":"2025-06-19T15:22:54","modified_gmt":"2025-06-19T15:22:54","slug":"nuestros-servicios","status":"publish","type":"page","link":"https:\/\/normaboveda-asoc.com.ar\/?page_id=759","title":{"rendered":"Nuestros servicios"},"content":{"rendered":"\t\t<div data-elementor-type=\"wp-page\" data-elementor-id=\"759\" class=\"elementor elementor-759\">\n\t\t\t\t<div class=\"elementor-element elementor-element-688a348 e-flex e-con-boxed e-con e-parent\" data-id=\"688a348\" data-element_type=\"container\">\n\t\t\t\t\t<div class=\"e-con-inner\">\n\t\t\t\t<div class=\"elementor-element elementor-element-d006d6a elementor-widget elementor-widget-spacer\" data-id=\"d006d6a\" data-element_type=\"widget\" data-widget_type=\"spacer.default\">\n\t\t\t\t<div class=\"elementor-widget-container\">\n\t\t\t\t\t\t\t<div class=\"elementor-spacer\">\n\t\t\t<div class=\"elementor-spacer-inner\"><\/div>\n\t\t<\/div>\n\t\t\t\t\t\t<\/div>\n\t\t\t\t<\/div>\n\t\t\t\t\t<\/div>\n\t\t\t\t<\/div>\n\t\t<div class=\"elementor-element elementor-element-250a76e e-flex e-con-boxed e-con e-parent\" data-id=\"250a76e\" data-element_type=\"container\">\n\t\t\t\t\t<div class=\"e-con-inner\">\n\t\t\t\t<div class=\"elementor-element elementor-element-1e3ab62 elementor-widget elementor-widget-heading\" data-id=\"1e3ab62\" data-element_type=\"widget\" data-widget_type=\"heading.default\">\n\t\t\t\t<div class=\"elementor-widget-container\">\n\t\t\t\t\t<h2 class=\"elementor-heading-title elementor-size-default\">SOMOS ABOGADOS ESPECIALISTAS EN SUCESIONES Y DERECHO DE FAMILIA. RESOLUCION DE CONFLICTOS DE INDOLE PERSONAL Y PATRIMONIAL. <\/h2>\t\t\t\t<\/div>\n\t\t\t\t<\/div>\n\t\t\t\t\t<\/div>\n\t\t\t\t<\/div>\n\t\t<div class=\"elementor-element elementor-element-1a53705 e-flex e-con-boxed e-con e-parent\" data-id=\"1a53705\" data-element_type=\"container\">\n\t\t\t\t\t<div class=\"e-con-inner\">\n\t\t\t\t<div class=\"elementor-element elementor-element-134b304 elementor-widget elementor-widget-text-editor\" data-id=\"134b304\" data-element_type=\"widget\" data-widget_type=\"text-editor.default\">\n\t\t\t\t<div class=\"elementor-widget-container\">\n\t\t\t\t\t\t\t\t\t<div id=\"model-response-message-contentr_344cd7c03b7c1fef\" class=\"markdown markdown-main-panel enable-updated-hr-color\" dir=\"ltr\"><h2 data-sourcepos=\"3:1-3:21\">Derecho de Familia<\/h2><p data-sourcepos=\"5:1-5:183\">En nuestro estudio jur\u00eddico, abordamos las complejidades del <strong>Derecho de Familia<\/strong> con un enfoque integral y humano. Brindamos asesoramiento y representaci\u00f3n legal en diversas \u00e1reas:<\/p><ul data-sourcepos=\"7:1-16:0\"><li data-sourcepos=\"7:1-7:146\"><strong>Responsabilidad Parental:<\/strong> Cuidado personal, impedimentos de contacto, privaci\u00f3n de la responsabilidad parental y delegaci\u00f3n de su ejercicio.<\/li><li data-sourcepos=\"8:1-8:153\"><strong>Filiaci\u00f3n y Adopci\u00f3n:<\/strong> Determinaci\u00f3n de filiaci\u00f3n, guardas preadoptivas, adopciones y cuestiones relacionadas con t\u00e9cnicas de reproducci\u00f3n asistida.<\/li><li data-sourcepos=\"9:1-9:75\"><strong>Alimentos:<\/strong> Determinaci\u00f3n y cumplimiento de obligaciones alimentarias.<\/li><li data-sourcepos=\"10:1-10:115\"><strong>Capacidad Jur\u00eddica:<\/strong> Procesos de determinaci\u00f3n de la capacidad y asistencia, inhabilitaciones e internaciones.<\/li><li data-sourcepos=\"11:1-11:227\"><strong>Disoluci\u00f3n del V\u00ednculo Matrimonial y Uniones Convivenciales:<\/strong> Divorcios y sus efectos (atribuci\u00f3n de vivienda, deber de contribuci\u00f3n, liquidaci\u00f3n de bienes), convenciones matrimoniales y registro de uniones convivenciales.<\/li><li data-sourcepos=\"12:1-12:119\"><strong>Medidas de Protecci\u00f3n:<\/strong> Medidas cautelares personales y patrimoniales, medidas protectorias y exclusi\u00f3n del hogar.<\/li><li data-sourcepos=\"13:1-13:81\"><strong>Conflictos Internacionales:<\/strong> Restituci\u00f3n internacional de hijos y exequatur.<\/li><li data-sourcepos=\"14:1-14:166\"><strong>Tr\u00e1mites Judiciales Diversos:<\/strong> Amparos de salud, autorizaci\u00f3n judicial para viajar, cambios de nombre e inscripci\u00f3n de nacimiento fuera de t\u00e9rmino, emancipaci\u00f3n.<\/li><li data-sourcepos=\"15:1-16:0\"><strong>Sucesiones:<\/strong> Ab intestato y testamentarias.<\/li><\/ul><p>\u00a0<\/p><h3 data-sourcepos=\"19:1-19:53\">\u00c1reas de Contenci\u00f3n y Abordaje Interdisciplinario<\/h3><p>\u00a0<\/p><p data-sourcepos=\"21:1-21:265\">Comprendemos que el Derecho de Familia requiere un abordaje que trascienda lo meramente legal. Por ello, contamos con \u00e1reas de contenci\u00f3n y un equipo interdisciplinario que complementa nuestra labor jur\u00eddica, facilitando la toma de decisiones objetivas y efectivas.<\/p><ul data-sourcepos=\"23:1-28:0\"><li data-sourcepos=\"23:1-23:276\"><strong>Comunicaci\u00f3n Familiar:<\/strong> Garantizamos el efectivo derecho a la comunicaci\u00f3n entre padres e hijos, abordando la modificaci\u00f3n del r\u00e9gimen vigente cuando sea necesario, explorando distintas modalidades y la posibilidad de comunicaci\u00f3n asistida, incluyendo la familia extensa.<\/li><li data-sourcepos=\"24:1-24:219\"><strong>Idoneidad en Adopciones:<\/strong> Realizamos un estudio pormenorizado de la situaci\u00f3n socio-afectiva y familiar, evaluando tanto a la familia biol\u00f3gica como a la adoptiva para asegurar la idoneidad del proceso de adopci\u00f3n.<\/li><li data-sourcepos=\"25:1-25:229\"><strong>Ejercicio de la Responsabilidad Parental:<\/strong> Analizamos causas socio-familiares que puedan afectar a los progenitores, abordando casos de privaci\u00f3n del ejercicio de la responsabilidad parental desde un encuadre socio-jur\u00eddico.<\/li><li data-sourcepos=\"26:1-26:255\"><strong>Guarda y Cuidado Personal:<\/strong> Valoramos la capacidad socio-familiar para asumir el cuidado de los hijos, recomendando el ejercicio de la guarda y\/o cuidado personal de forma individual, conjunta o a un tercero, seg\u00fan lo que mejor beneficie a los hijos.<\/li><li data-sourcepos=\"27:1-28:0\"><strong>Visi\u00f3n Psicol\u00f3gica y Social:<\/strong> Nuestro equipo de psic\u00f3logos y trabajadores sociales realiza un estudio detallado del contexto familiar de ni\u00f1os, ni\u00f1as y adolescentes. A trav\u00e9s de entrevistas y visitas domiciliarias, se elaboran informes periciales que brindan un aporte psicol\u00f3gico y social para resolver problem\u00e1ticas y garantizar el cumplimiento efectivo de los derechos de todos los miembros de la familia. Nos enfocamos en fortalecer las capacidades familiares y en la intervenci\u00f3n directa e indirecta para responder adecuadamente a sus necesidades.<\/li><\/ul><\/div>\t\t\t\t\t\t\t\t<\/div>\n\t\t\t\t<\/div>\n\t\t\t\t\t<\/div>\n\t\t\t\t<\/div>\n\t\t<div class=\"elementor-element elementor-element-a5eec0e e-flex e-con-boxed e-con e-parent\" data-id=\"a5eec0e\" data-element_type=\"container\">\n\t\t\t\t\t<div class=\"e-con-inner\">\n\t\t\t\t<div class=\"elementor-element elementor-element-d785df7 elementor-widget elementor-widget-text-editor\" data-id=\"d785df7\" data-element_type=\"widget\" data-widget_type=\"text-editor.default\">\n\t\t\t\t<div class=\"elementor-widget-container\">\n\t\t\t\t\t\t\t\t\t<div id=\"model-response-message-contentr_dd81d88d7ceb0215\" class=\"markdown markdown-main-panel enable-updated-hr-color\" dir=\"ltr\"><h2 data-sourcepos=\"3:1-3:13\">Sucesiones<\/h2><p data-sourcepos=\"5:1-5:193\">El proceso de sucesi\u00f3n permite la <strong>transmisi\u00f3n de bienes, derechos y obligaciones<\/strong> de una persona fallecida a sus herederos. En nuestro estudio, manejamos dos tipos principales de sucesiones:<\/p><h3 data-sourcepos=\"7:1-7:23\">Tipos de Sucesiones<\/h3><ul data-sourcepos=\"9:1-11:0\"><li data-sourcepos=\"9:1-9:209\"><strong>Sucesiones Ab Intestato (sin testamento):<\/strong> Este proceso se inicia cuando el fallecido (causante) no dej\u00f3 un testamento. Herederos o acreedores pueden iniciar el tr\u00e1mite para la distribuci\u00f3n de los bienes.<\/li><li data-sourcepos=\"10:1-11:0\"><strong>Sucesiones Testamentarias (con testamento):<\/strong> En estos casos, el causante dej\u00f3 expresadas sus \u00faltimas voluntades en un testamento (ol\u00f3grafo, por acto p\u00fablico o consular). El proceso busca hacer cumplir esas disposiciones.<\/li><\/ul><h3 data-sourcepos=\"14:1-14:38\">Preguntas Frecuentes en Sucesiones<\/h3><p data-sourcepos=\"16:1-16:85\">Entendemos que surgen muchas dudas en estos procesos. Aqu\u00ed abordamos las m\u00e1s comunes:<\/p><ul data-sourcepos=\"18:1-32:0\"><li data-sourcepos=\"18:1-18:62\"><strong>Vocaci\u00f3n hereditaria:<\/strong> \u00bfQui\u00e9nes tienen derecho a heredar?<\/li><li data-sourcepos=\"19:1-19:89\"><strong>Motivos de exclusi\u00f3n:<\/strong> \u00bfExisten razones por las que un heredero podr\u00eda ser excluido?<\/li><li data-sourcepos=\"20:1-20:162\"><strong>Porci\u00f3n disponible y leg\u00edtima:<\/strong> \u00bfQu\u00e9 parte de los bienes puede disponer el causante libremente y qu\u00e9 porci\u00f3n est\u00e1 reservada por ley a los herederos forzosos?<\/li><li data-sourcepos=\"21:1-21:70\"><strong>Acervo hereditario:<\/strong> \u00bfQu\u00e9 bienes y derechos componen la herencia?<\/li><li data-sourcepos=\"22:1-22:69\"><strong>Derechos y obligaciones transmisibles:<\/strong> \u00bfQu\u00e9 se hereda y qu\u00e9 no?<\/li><li data-sourcepos=\"23:1-23:87\"><strong>Aceptaci\u00f3n o renuncia de la herencia:<\/strong> \u00bfC\u00f3mo se gestiona y cu\u00e1les son sus efectos?<\/li><li data-sourcepos=\"24:1-24:78\"><strong>Retractaci\u00f3n de renuncia:<\/strong> \u00bfSe puede revertir la renuncia a una herencia?<\/li><li data-sourcepos=\"25:1-25:97\"><strong>Adjudicaci\u00f3n preferencial de bienes:<\/strong> \u00bfEs posible que un heredero reciba un bien espec\u00edfico?<\/li><li data-sourcepos=\"26:1-26:162\"><strong>Deudas del causante:<\/strong> Es importante saber que las deudas del fallecido se limitan al valor de los bienes heredados; tu patrimonio personal no se ve afectado.<\/li><li data-sourcepos=\"27:1-27:133\"><strong>Bienes en el extranjero o en distintas provincias:<\/strong> \u00bfC\u00f3mo se tramita la sucesi\u00f3n cuando hay bienes en diferentes jurisdicciones?<\/li><li data-sourcepos=\"28:1-28:88\"><strong>Cesi\u00f3n de derechos hereditarios:<\/strong> \u00bfSe pueden ceder los derechos sobre una herencia?<\/li><li data-sourcepos=\"29:1-29:84\"><strong>Desacuerdo entre herederos:<\/strong> \u00bfQu\u00e9 hacer si no hay consenso entre los herederos?<\/li><li data-sourcepos=\"30:1-30:124\"><strong>Acciones societarias en la herencia:<\/strong> \u00bfC\u00f3mo se manejan las participaciones en sociedades dentro del acervo hereditario?<\/li><li data-sourcepos=\"31:1-32:0\"><strong>Colaciones y donaciones:<\/strong> Cuando un heredero forzoso recibi\u00f3 bienes del causante en vida (por donaci\u00f3n u otro t\u00edtulo), debe traerlos a la masa hereditaria para su c\u00f3mputo en la partici\u00f3n. Analizamos cada caso para determinar la obligaci\u00f3n de colacionar, existiendo excepciones como la dispensa o la cl\u00e1usula de mejora.<\/li><\/ul><h3 data-sourcepos=\"35:1-35:59\">\u00a0<\/h3><h3 data-sourcepos=\"35:1-35:59\">Inicio del Proceso de Sucesi\u00f3n: Documentaci\u00f3n Necesaria<\/h3><p data-sourcepos=\"37:1-37:68\">Si decidiste iniciar el proceso, prepar\u00e1 la siguiente documentaci\u00f3n:<\/p><ul data-sourcepos=\"39:1-44:0\"><li data-sourcepos=\"39:1-39:44\"><strong>Certificado de defunci\u00f3n del causante.<\/strong><\/li><li data-sourcepos=\"40:1-40:162\"><strong>Documentaci\u00f3n que acredite el v\u00ednculo con los herederos:<\/strong> Certificados de nacimiento (hijos), testimonio de matrimonio, o constancia de divorcio (si aplica).<\/li><li data-sourcepos=\"41:1-41:71\"><strong>Copia simple del DNI<\/strong> de todos los que se presentan en el proceso.<\/li><li data-sourcepos=\"42:1-42:52\"><strong>Constancia de CUIT\/CUIL<\/strong> de los intervinientes.<\/li><li data-sourcepos=\"43:1-44:0\"><strong>Para sucesiones testamentarias:<\/strong> Adem\u00e1s de lo anterior, el testamento que posee el legatario para su protocolizaci\u00f3n.<\/li><\/ul><p data-sourcepos=\"45:1-45:87\">La documentaci\u00f3n que acredita v\u00ednculos debe presentarse en original o copia legalizada.<\/p><p data-sourcepos=\"47:1-47:153\"><strong>\u00bfNo ten\u00e9s la documentaci\u00f3n completa?<\/strong> No te preocupes. Trabajamos con una gestor\u00eda que puede conseguirla en todo el pa\u00eds, de forma r\u00e1pida y eficiente.<\/p><\/div>\t\t\t\t\t\t\t\t<\/div>\n\t\t\t\t<\/div>\n\t\t\t\t\t<\/div>\n\t\t\t\t<\/div>\n\t\t<div class=\"elementor-element elementor-element-688660c e-flex e-con-boxed e-con e-parent\" data-id=\"688660c\" data-element_type=\"container\">\n\t\t\t\t\t<div class=\"e-con-inner\">\n\t\t\t\t<div class=\"elementor-element elementor-element-4af3667 elementor-widget elementor-widget-spacer\" data-id=\"4af3667\" data-element_type=\"widget\" data-widget_type=\"spacer.default\">\n\t\t\t\t<div class=\"elementor-widget-container\">\n\t\t\t\t\t\t\t<div class=\"elementor-spacer\">\n\t\t\t<div class=\"elementor-spacer-inner\"><\/div>\n\t\t<\/div>\n\t\t\t\t\t\t<\/div>\n\t\t\t\t<\/div>\n\t\t\t\t\t<\/div>\n\t\t\t\t<\/div>\n\t\t\t\t<\/div>\n\t\t","protected":false},"excerpt":{"rendered":"<p>SOMOS ABOGADOS ESPECIALISTAS EN SUCESIONES Y DERECHO DE FAMILIA. RESOLUCION DE CONFLICTOS DE INDOLE PERSONAL Y PATRIMONIAL. Derecho de Familia En nuestro estudio jur\u00eddico, abordamos las complejidades del Derecho de Familia con un enfoque integral y humano. Brindamos asesoramiento y representaci\u00f3n legal en diversas \u00e1reas: Responsabilidad Parental: Cuidado personal, impedimentos de contacto, privaci\u00f3n de la [&hellip;]<\/p>\n","protected":false},"author":1,"featured_media":11,"parent":0,"menu_order":0,"comment_status":"closed","ping_status":"closed","template":"elementor_header_footer","meta":{"pgc_sgb_lightbox_settings":"","footnotes":""},"class_list":["post-759","page","type-page","status-publish","has-post-thumbnail","hentry"],"_links":{"self":[{"href":"https:\/\/normaboveda-asoc.com.ar\/index.php?rest_route=\/wp\/v2\/pages\/759","targetHints":{"allow":["GET"]}}],"collection":[{"href":"https:\/\/normaboveda-asoc.com.ar\/index.php?rest_route=\/wp\/v2\/pages"}],"about":[{"href":"https:\/\/normaboveda-asoc.com.ar\/index.php?rest_route=\/wp\/v2\/types\/page"}],"author":[{"embeddable":true,"href":"https:\/\/normaboveda-asoc.com.ar\/index.php?rest_route=\/wp\/v2\/users\/1"}],"replies":[{"embeddable":true,"href":"https:\/\/normaboveda-asoc.com.ar\/index.php?rest_route=%2Fwp%2Fv2%2Fcomments&post=759"}],"version-history":[{"count":16,"href":"https:\/\/normaboveda-asoc.com.ar\/index.php?rest_route=\/wp\/v2\/pages\/759\/revisions"}],"predecessor-version":[{"id":776,"href":"https:\/\/normaboveda-asoc.com.ar\/index.php?rest_route=\/wp\/v2\/pages\/759\/revisions\/776"}],"wp:featuredmedia":[{"embeddable":true,"href":"https:\/\/normaboveda-asoc.com.ar\/index.php?rest_route=\/wp\/v2\/media\/11"}],"wp:attachment":[{"href":"https:\/\/normaboveda-asoc.com.ar\/index.php?rest_route=%2Fwp%2Fv2%2Fmedia&parent=759"}],"curies":[{"name":"wp","href":"https:\/\/api.w.org\/{rel}","templated":true}]}}